{"id":1352,"date":"2026-02-24T13:13:05","date_gmt":"2026-02-24T12:13:05","guid":{"rendered":"https:\/\/marvimo.com\/?page_id=1352"},"modified":"2026-02-25T23:58:50","modified_gmt":"2026-02-25T22:58:50","slug":"politica-de-privacitat","status":"publish","type":"page","link":"https:\/\/marvimo.com\/?page_id=1352","title":{"rendered":"Pol\u00edtica de privacitat"},"content":{"rendered":"<style>.elementor-1352 .elementor-element.elementor-element-55620f6{--display:flex;--padding-top:0em;--padding-bottom:5em;--padding-left:0em;--padding-right:0em;}@media(max-width:1024px){.elementor-1352 .elementor-element.elementor-element-55620f6{--padding-top:0em;--padding-bottom:4em;--padding-left:4em;--padding-right:4em;}}@media(max-width:767px){.elementor-1352 .elementor-element.elementor-element-55620f6{--margin-top:-5em;--margin-bottom:1em;--margin-left:0em;--margin-right:0em;--padding-top:0em;--padding-bottom:1em;--padding-left:1em;--padding-right:1em;}}<\/style>\t\t<div data-elementor-type=\"wp-page\" data-elementor-id=\"1352\" class=\"elementor elementor-1352\" data-elementor-post-type=\"page\">\n\t\t\t\t<div class=\"elementor-element elementor-element-55620f6 e-flex e-con-boxed e-con e-parent\" data-id=\"55620f6\" data-element_type=\"container\" data-e-type=\"container\">\n\t\t\t\t\t<div class=\"e-con-inner\">\n\t\t\t\t<div class=\"elementor-element elementor-element-869e0c1 elementor-widget elementor-widget-text-editor\" data-id=\"869e0c1\" data-element_type=\"widget\" data-e-type=\"widget\" data-widget_type=\"text-editor.default\">\n\t\t\t\t\t\t\t\t\t<h1><span style=\"color: #333333;\"><b>Pol\u00edtica de privacitat<\/b><\/span><\/h1><p><span style=\"color: #333333;\"><b>Responsable del tractament<\/b><\/span><\/p><ul><li style=\"font-weight: 400;\" aria-level=\"1\"><span style=\"color: #333333;\"><b>Responsable:<\/b><span style=\"font-weight: 400;\"> Marvimo Hospitality, S.L.<\/span><\/span><\/li><li style=\"font-weight: 400;\" aria-level=\"1\"><span style=\"color: #333333;\"><b>Correu electr\u00f2nic:<\/b><a href=\"mailto:hola@marvimo.com\"><span style=\"font-weight: 400;\"> hola@marvimo.com<\/span><\/a><\/span><\/li><\/ul><p><span style=\"color: #333333;\"><b>Dades que recollim<\/b><\/span><\/p><p><span style=\"font-weight: 400; color: #333333;\">Marvimo pot recollir dades personals a trav\u00e9s de:<\/span><\/p><ul><li style=\"font-weight: 400;\" aria-level=\"1\"><span style=\"font-weight: 400; color: #333333;\">Formularis de contacte<\/span><\/li><li style=\"font-weight: 400;\" aria-level=\"1\"><span style=\"font-weight: 400; color: #333333;\">Comunicacions per correu electr\u00f2nic<\/span><\/li><\/ul><p><span style=\"font-weight: 400; color: #333333;\">Les dades recollides poden incloure: nom, correu electr\u00f2nic, tel\u00e8fon i informaci\u00f3 relacionada amb la consulta realitzada.<\/span><\/p><p><span style=\"color: #333333;\"><b>Finalitat del tractament<\/b><\/span><\/p><p><span style=\"font-weight: 400; color: #333333;\">Les dades personals es tracten amb la finalitat de:<\/span><\/p><ul><li style=\"font-weight: 400;\" aria-level=\"1\"><span style=\"font-weight: 400; color: #333333;\">Atendre consultes i sol\u00b7licituds d\u2019informaci\u00f3<\/span><\/li><li style=\"font-weight: 400;\" aria-level=\"1\"><span style=\"font-weight: 400; color: #333333;\">Mantenir comunicacions professionals<\/span><\/li><li style=\"font-weight: 400;\" aria-level=\"1\"><span style=\"font-weight: 400; color: #333333;\">Gestionar relacions comercials o precontractuals<\/span><\/li><\/ul><p><span style=\"color: #333333;\"><b>Base legal<\/b><\/span><\/p><p><span style=\"font-weight: 400; color: #333333;\">La base legal del tractament \u00e9s el consentiment de l\u2019usuari i\/o l\u2019execuci\u00f3 de mesures precontractuals.<\/span><\/p><p><span style=\"color: #333333;\"><b>Conservaci\u00f3 de les dades<\/b><\/span><\/p><p><span style=\"font-weight: 400; color: #333333;\">Les dades es conservaran \u00fanicament durant el temps necessari per complir la finalitat per a la qual van ser recollides.<\/span><\/p><p><span style=\"color: #333333;\"><b>Drets de l\u2019usuari<\/b><\/span><\/p><p><span style=\"font-weight: 400; color: #333333;\">L\u2019usuari pot exercir els seus drets d\u2019acc\u00e9s, rectificaci\u00f3, supressi\u00f3, oposici\u00f3, limitaci\u00f3 i portabilitat mitjan\u00e7ant correu electr\u00f2nic a hola@marvimo.com.<\/span><\/p>\t\t\t\t\t\t\t\t<\/div>\n\t\t\t\t\t<\/div>\n\t\t\t\t<\/div>\n\t\t\t\t<\/div>\n\t\t","protected":false},"excerpt":{"rendered":"<p>Pol\u00edtica de privacitat Responsable del tractament Responsable: Marvimo Hospitality, S.L. Correu electr\u00f2nic: hola@marvimo.com Dades que recollim Marvimo pot recollir dades personals a trav\u00e9s de: Formularis de contacte Comunicacions per correu electr\u00f2nic Les dades recollides poden incloure: nom, correu electr\u00f2nic, tel\u00e8fon i informaci\u00f3 relacionada amb la consulta realitzada. Finalitat del tractament Les dades personals es tracten [&hellip;]<\/p>\n","protected":false},"author":2,"featured_media":0,"parent":0,"menu_order":0,"comment_status":"closed","ping_status":"closed","template":"","meta":{"footnotes":""},"class_list":["post-1352","page","type-page","status-publish","hentry"],"yoast_head":"<!-- This site is optimized with the Yoast SEO plugin v27.0 - https:\/\/yoast.com\/product\/yoast-seo-wordpress\/ -->\n<title>Pol\u00edtica de privacitat - Marvimo Hospitality<\/title>\n<meta name=\"robots\" content=\"index, follow, max-snippet:-1, max-image-preview:large, max-video-preview:-1\" \/>\n<link rel=\"canonical\" href=\"https:\/\/marvimo.com\/?page_id=1352\" \/>\n<meta property=\"og:locale\" content=\"es_ES\" \/>\n<meta property=\"og:type\" content=\"article\" \/>\n<meta property=\"og:title\" content=\"Pol\u00edtica de privacitat - Marvimo Hospitality\" \/>\n<meta property=\"og:description\" content=\"Pol\u00edtica de privacitat Responsable del tractament Responsable: Marvimo Hospitality, S.L. Correu electr\u00f2nic: hola@marvimo.com Dades que recollim Marvimo pot recollir dades personals a trav\u00e9s de: Formularis de contacte Comunicacions per correu electr\u00f2nic Les dades recollides poden incloure: nom, correu electr\u00f2nic, tel\u00e8fon i informaci\u00f3 relacionada amb la consulta realitzada. Finalitat del tractament Les dades personals es tracten [&hellip;]\" \/>\n<meta property=\"og:url\" content=\"https:\/\/marvimo.com\/?page_id=1352\" \/>\n<meta property=\"og:site_name\" content=\"Marvimo Hospitality\" \/>\n<meta property=\"article:modified_time\" content=\"2026-02-25T22:58:50+00:00\" \/>\n<meta name=\"twitter:card\" content=\"summary_large_image\" \/>\n<meta name=\"twitter:label1\" content=\"Tiempo de lectura\" \/>\n\t<meta name=\"twitter:data1\" content=\"1 minuto\" \/>\n<script type=\"application\/ld+json\" class=\"yoast-schema-graph\">{\"@context\":\"https:\/\/schema.org\",\"@graph\":[{\"@type\":\"WebPage\",\"@id\":\"https:\/\/marvimo.com\/?page_id=1352\",\"url\":\"https:\/\/marvimo.com\/?page_id=1352\",\"name\":\"Pol\u00edtica de privacitat - Marvimo Hospitality\",\"isPartOf\":{\"@id\":\"https:\/\/marvimo.com\/#website\"},\"datePublished\":\"2026-02-24T12:13:05+00:00\",\"dateModified\":\"2026-02-25T22:58:50+00:00\",\"breadcrumb\":{\"@id\":\"https:\/\/marvimo.com\/?page_id=1352#breadcrumb\"},\"inLanguage\":\"es\",\"potentialAction\":[{\"@type\":\"ReadAction\",\"target\":[\"https:\/\/marvimo.com\/?page_id=1352\"]}]},{\"@type\":\"BreadcrumbList\",\"@id\":\"https:\/\/marvimo.com\/?page_id=1352#breadcrumb\",\"itemListElement\":[{\"@type\":\"ListItem\",\"position\":1,\"name\":\"Portada\",\"item\":\"https:\/\/marvimo.com\/\"},{\"@type\":\"ListItem\",\"position\":2,\"name\":\"Pol\u00edtica de privacitat\"}]},{\"@type\":\"WebSite\",\"@id\":\"https:\/\/marvimo.com\/#website\",\"url\":\"https:\/\/marvimo.com\/\",\"name\":\"Marvimo Hospitality\",\"description\":\"Consultoria y Advisory de Operaciones para Restauraci\u00f3n\",\"potentialAction\":[{\"@type\":\"SearchAction\",\"target\":{\"@type\":\"EntryPoint\",\"urlTemplate\":\"https:\/\/marvimo.com\/?s={search_term_string}\"},\"query-input\":{\"@type\":\"PropertyValueSpecification\",\"valueRequired\":true,\"valueName\":\"search_term_string\"}}],\"inLanguage\":\"es\"}]}<\/script>\n<!-- \/ Yoast SEO plugin. -->","yoast_head_json":{"title":"Pol\u00edtica de privacitat - Marvimo Hospitality","robots":{"index":"index","follow":"follow","max-snippet":"max-snippet:-1","max-image-preview":"max-image-preview:large","max-video-preview":"max-video-preview:-1"},"canonical":"https:\/\/marvimo.com\/?page_id=1352","og_locale":"es_ES","og_type":"article","og_title":"Pol\u00edtica de privacitat - Marvimo Hospitality","og_description":"Pol\u00edtica de privacitat Responsable del tractament Responsable: Marvimo Hospitality, S.L. Correu electr\u00f2nic: hola@marvimo.com Dades que recollim Marvimo pot recollir dades personals a trav\u00e9s de: Formularis de contacte Comunicacions per correu electr\u00f2nic Les dades recollides poden incloure: nom, correu electr\u00f2nic, tel\u00e8fon i informaci\u00f3 relacionada amb la consulta realitzada. Finalitat del tractament Les dades personals es tracten [&hellip;]","og_url":"https:\/\/marvimo.com\/?page_id=1352","og_site_name":"Marvimo Hospitality","article_modified_time":"2026-02-25T22:58:50+00:00","twitter_card":"summary_large_image","twitter_misc":{"Tiempo de lectura":"1 minuto"},"schema":{"@context":"https:\/\/schema.org","@graph":[{"@type":"WebPage","@id":"https:\/\/marvimo.com\/?page_id=1352","url":"https:\/\/marvimo.com\/?page_id=1352","name":"Pol\u00edtica de privacitat - Marvimo Hospitality","isPartOf":{"@id":"https:\/\/marvimo.com\/#website"},"datePublished":"2026-02-24T12:13:05+00:00","dateModified":"2026-02-25T22:58:50+00:00","breadcrumb":{"@id":"https:\/\/marvimo.com\/?page_id=1352#breadcrumb"},"inLanguage":"es","potentialAction":[{"@type":"ReadAction","target":["https:\/\/marvimo.com\/?page_id=1352"]}]},{"@type":"BreadcrumbList","@id":"https:\/\/marvimo.com\/?page_id=1352#breadcrumb","itemListElement":[{"@type":"ListItem","position":1,"name":"Portada","item":"https:\/\/marvimo.com\/"},{"@type":"ListItem","position":2,"name":"Pol\u00edtica de privacitat"}]},{"@type":"WebSite","@id":"https:\/\/marvimo.com\/#website","url":"https:\/\/marvimo.com\/","name":"Marvimo Hospitality","description":"Consultoria y Advisory de Operaciones para Restauraci\u00f3n","potentialAction":[{"@type":"SearchAction","target":{"@type":"EntryPoint","urlTemplate":"https:\/\/marvimo.com\/?s={search_term_string}"},"query-input":{"@type":"PropertyValueSpecification","valueRequired":true,"valueName":"search_term_string"}}],"inLanguage":"es"}]}},"_links":{"self":[{"href":"https:\/\/marvimo.com\/index.php?rest_route=\/wp\/v2\/pages\/1352","targetHints":{"allow":["GET"]}}],"collection":[{"href":"https:\/\/marvimo.com\/index.php?rest_route=\/wp\/v2\/pages"}],"about":[{"href":"https:\/\/marvimo.com\/index.php?rest_route=\/wp\/v2\/types\/page"}],"author":[{"embeddable":true,"href":"https:\/\/marvimo.com\/index.php?rest_route=\/wp\/v2\/users\/2"}],"replies":[{"embeddable":true,"href":"https:\/\/marvimo.com\/index.php?rest_route=%2Fwp%2Fv2%2Fcomments&post=1352"}],"version-history":[{"count":10,"href":"https:\/\/marvimo.com\/index.php?rest_route=\/wp\/v2\/pages\/1352\/revisions"}],"predecessor-version":[{"id":1453,"href":"https:\/\/marvimo.com\/index.php?rest_route=\/wp\/v2\/pages\/1352\/revisions\/1453"}],"wp:attachment":[{"href":"https:\/\/marvimo.com\/index.php?rest_route=%2Fwp%2Fv2%2Fmedia&parent=1352"}],"curies":[{"name":"wp","href":"https:\/\/api.w.org\/{rel}","templated":true}]}}