{"id":1516,"date":"2026-02-26T00:34:30","date_gmt":"2026-02-25T23:34:30","guid":{"rendered":"https:\/\/marvimo.com\/?page_id=1516"},"modified":"2026-02-26T00:35:02","modified_gmt":"2026-02-25T23:35:02","slug":"aviso-legal","status":"publish","type":"page","link":"https:\/\/marvimo.com\/?page_id=1516&lang=es","title":{"rendered":"Aviso legal"},"content":{"rendered":"<style>.elementor-1516 .elementor-element.elementor-element-c76092b{--display:flex;--padding-top:0em;--padding-bottom:5em;--padding-left:0em;--padding-right:0em;}@media(max-width:1024px){.elementor-1516 .elementor-element.elementor-element-c76092b{--padding-top:0em;--padding-bottom:4em;--padding-left:4em;--padding-right:4em;}}@media(max-width:767px){.elementor-1516 .elementor-element.elementor-element-c76092b{--margin-top:-2em;--margin-bottom:1em;--margin-left:0em;--margin-right:0em;--padding-top:0em;--padding-bottom:1em;--padding-left:1em;--padding-right:1em;}}<\/style>\t\t<div data-elementor-type=\"wp-page\" data-elementor-id=\"1516\" class=\"elementor elementor-1516\" data-elementor-post-type=\"page\">\n\t\t\t\t<div class=\"elementor-element elementor-element-c76092b e-flex e-con-boxed e-con e-parent\" data-id=\"c76092b\" data-element_type=\"container\" data-e-type=\"container\">\n\t\t\t\t\t<div class=\"e-con-inner\">\n\t\t\t\t<div class=\"elementor-element elementor-element-9d15cd8 elementor-widget elementor-widget-text-editor\" data-id=\"9d15cd8\" data-element_type=\"widget\" data-e-type=\"widget\" data-widget_type=\"text-editor.default\">\n\t\t\t\t\t\t\t\t\t<h1><span style=\"color: #333333;\"><b>Aviso legal<\/b><\/span><\/h1><p><span style=\"color: #333333;\"><b>Titular del sitio web<\/b><\/span><\/p><p><span style=\"font-weight: 400; color: #333333;\">En cumplimiento con el deber de informaci\u00f3n establecido en la Ley 34\/2002, de servicios de la sociedad de la informaci\u00f3n y del comercio electr\u00f3nico (LSSI-CE), se informa que este sitio web es titularidad de:<\/span><\/p><ul><li style=\"font-weight: 400;\" aria-level=\"1\"><span style=\"color: #333333;\"><b>Nombre comercial:<\/b><span style=\"font-weight: 400;\"> Marvimo<\/span><\/span><\/li><li style=\"font-weight: 400;\" aria-level=\"1\"><span style=\"color: #333333;\"><b>Raz\u00f3n social:<\/b><span style=\"font-weight: 400;\"> Marvimo Hospitality, S.L.<\/span><\/span><\/li><li style=\"font-weight: 400;\" aria-level=\"1\"><span style=\"color: #333333;\"><b>NIF:<\/b><span style=\"font-weight: 400;\"> [A\u00d1ADIR]<\/span><\/span><\/li><li style=\"font-weight: 400;\" aria-level=\"1\"><span style=\"color: #333333;\"><b>Domicilio social:<\/b><span style=\"font-weight: 400;\"> Barcelona, Espa\u00f1a<\/span><\/span><\/li><li style=\"font-weight: 400;\" aria-level=\"1\"><span style=\"color: #333333;\"><b>Correo electr\u00f3nico:<\/b><span style=\"font-weight: 400;\"> hola@marvimo.com<\/span><\/span><\/li><\/ul><p><span style=\"color: #333333;\"><b>Objeto del sitio web<\/b><\/span><\/p><p><span style=\"font-weight: 400; color: #333333;\">Este sitio web tiene como finalidad informar sobre los servicios profesionales de consultor\u00eda operativa y direcci\u00f3n de operaciones externa ofrecidos por Marvimo.<\/span><\/p><p><span style=\"color: #333333;\"><b>Responsabilidad<\/b><\/span><\/p><p><span style=\"font-weight: 400; color: #333333;\">Marvimo no se responsabiliza del mal uso que se pueda realizar de los contenidos del sitio web, ni de los da\u00f1os derivados del acceso o uso de la informaci\u00f3n publicada.<\/span><\/p><p><span style=\"color: #333333;\"><b>Propiedad intelectual<\/b><\/span><\/p><p><span style=\"font-weight: 400; color: #333333;\">Todos los contenidos del sitio web (textos, im\u00e1genes, dise\u00f1o, marca y estructura) son propiedad de Marvimo o de terceros autorizados, y est\u00e1n protegidos por la normativa vigente en materia de propiedad intelectual e industrial.<\/span><\/p>\t\t\t\t\t\t\t\t<\/div>\n\t\t\t\t\t<\/div>\n\t\t\t\t<\/div>\n\t\t\t\t<\/div>\n\t\t","protected":false},"excerpt":{"rendered":"<p>Aviso legal Titular del sitio web En cumplimiento con el deber de informaci\u00f3n establecido en la Ley 34\/2002, de servicios de la sociedad de la informaci\u00f3n y del comercio electr\u00f3nico (LSSI-CE), se informa que este sitio web es titularidad de: Nombre comercial: Marvimo Raz\u00f3n social: Marvimo Hospitality, S.L. NIF: [A\u00d1ADIR] Domicilio social: Barcelona, Espa\u00f1a Correo [&hellip;]<\/p>\n","protected":false},"author":2,"featured_media":0,"parent":0,"menu_order":0,"comment_status":"closed","ping_status":"closed","template":"","meta":{"footnotes":""},"class_list":["post-1516","page","type-page","status-publish","hentry"],"yoast_head":"<!-- This site is optimized with the Yoast SEO plugin v27.0 - https:\/\/yoast.com\/product\/yoast-seo-wordpress\/ -->\n<title>Aviso legal - Marvimo Hospitality<\/title>\n<meta name=\"robots\" content=\"index, follow, max-snippet:-1, max-image-preview:large, max-video-preview:-1\" \/>\n<link rel=\"canonical\" href=\"https:\/\/marvimo.com\/?page_id=1516&lang=es\" \/>\n<meta property=\"og:locale\" content=\"es_ES\" \/>\n<meta property=\"og:type\" content=\"article\" \/>\n<meta property=\"og:title\" content=\"Aviso legal - Marvimo Hospitality\" \/>\n<meta property=\"og:description\" content=\"Aviso legal Titular del sitio web En cumplimiento con el deber de informaci\u00f3n establecido en la Ley 34\/2002, de servicios de la sociedad de la informaci\u00f3n y del comercio electr\u00f3nico (LSSI-CE), se informa que este sitio web es titularidad de: Nombre comercial: Marvimo Raz\u00f3n social: Marvimo Hospitality, S.L. NIF: [A\u00d1ADIR] Domicilio social: Barcelona, Espa\u00f1a Correo [&hellip;]\" \/>\n<meta property=\"og:url\" content=\"https:\/\/marvimo.com\/?page_id=1516&amp;lang=es\" \/>\n<meta property=\"og:site_name\" content=\"Marvimo Hospitality\" \/>\n<meta property=\"article:modified_time\" content=\"2026-02-25T23:35:02+00:00\" \/>\n<meta name=\"twitter:card\" content=\"summary_large_image\" \/>\n<meta name=\"twitter:label1\" content=\"Tiempo de lectura\" \/>\n\t<meta name=\"twitter:data1\" content=\"1 minuto\" \/>\n<script type=\"application\/ld+json\" class=\"yoast-schema-graph\">{\"@context\":\"https:\/\/schema.org\",\"@graph\":[{\"@type\":\"WebPage\",\"@id\":\"https:\/\/marvimo.com\/?page_id=1516&lang=es\",\"url\":\"https:\/\/marvimo.com\/?page_id=1516&lang=es\",\"name\":\"Aviso legal - Marvimo Hospitality\",\"isPartOf\":{\"@id\":\"https:\/\/marvimo.com\/#website\"},\"datePublished\":\"2026-02-25T23:34:30+00:00\",\"dateModified\":\"2026-02-25T23:35:02+00:00\",\"breadcrumb\":{\"@id\":\"https:\/\/marvimo.com\/?page_id=1516&lang=es#breadcrumb\"},\"inLanguage\":\"es\",\"potentialAction\":[{\"@type\":\"ReadAction\",\"target\":[\"https:\/\/marvimo.com\/?page_id=1516&lang=es\"]}]},{\"@type\":\"BreadcrumbList\",\"@id\":\"https:\/\/marvimo.com\/?page_id=1516&lang=es#breadcrumb\",\"itemListElement\":[{\"@type\":\"ListItem\",\"position\":1,\"name\":\"Portada\",\"item\":\"https:\/\/marvimo.com\/\"},{\"@type\":\"ListItem\",\"position\":2,\"name\":\"Aviso legal\"}]},{\"@type\":\"WebSite\",\"@id\":\"https:\/\/marvimo.com\/#website\",\"url\":\"https:\/\/marvimo.com\/\",\"name\":\"Marvimo Hospitality\",\"description\":\"Consultoria y Advisory de Operaciones para Restauraci\u00f3n\",\"potentialAction\":[{\"@type\":\"SearchAction\",\"target\":{\"@type\":\"EntryPoint\",\"urlTemplate\":\"https:\/\/marvimo.com\/?s={search_term_string}\"},\"query-input\":{\"@type\":\"PropertyValueSpecification\",\"valueRequired\":true,\"valueName\":\"search_term_string\"}}],\"inLanguage\":\"es\"}]}<\/script>\n<!-- \/ Yoast SEO plugin. -->","yoast_head_json":{"title":"Aviso legal - Marvimo Hospitality","robots":{"index":"index","follow":"follow","max-snippet":"max-snippet:-1","max-image-preview":"max-image-preview:large","max-video-preview":"max-video-preview:-1"},"canonical":"https:\/\/marvimo.com\/?page_id=1516&lang=es","og_locale":"es_ES","og_type":"article","og_title":"Aviso legal - Marvimo Hospitality","og_description":"Aviso legal Titular del sitio web En cumplimiento con el deber de informaci\u00f3n establecido en la Ley 34\/2002, de servicios de la sociedad de la informaci\u00f3n y del comercio electr\u00f3nico (LSSI-CE), se informa que este sitio web es titularidad de: Nombre comercial: Marvimo Raz\u00f3n social: Marvimo Hospitality, S.L. NIF: [A\u00d1ADIR] Domicilio social: Barcelona, Espa\u00f1a Correo [&hellip;]","og_url":"https:\/\/marvimo.com\/?page_id=1516&lang=es","og_site_name":"Marvimo Hospitality","article_modified_time":"2026-02-25T23:35:02+00:00","twitter_card":"summary_large_image","twitter_misc":{"Tiempo de lectura":"1 minuto"},"schema":{"@context":"https:\/\/schema.org","@graph":[{"@type":"WebPage","@id":"https:\/\/marvimo.com\/?page_id=1516&lang=es","url":"https:\/\/marvimo.com\/?page_id=1516&lang=es","name":"Aviso legal - Marvimo Hospitality","isPartOf":{"@id":"https:\/\/marvimo.com\/#website"},"datePublished":"2026-02-25T23:34:30+00:00","dateModified":"2026-02-25T23:35:02+00:00","breadcrumb":{"@id":"https:\/\/marvimo.com\/?page_id=1516&lang=es#breadcrumb"},"inLanguage":"es","potentialAction":[{"@type":"ReadAction","target":["https:\/\/marvimo.com\/?page_id=1516&lang=es"]}]},{"@type":"BreadcrumbList","@id":"https:\/\/marvimo.com\/?page_id=1516&lang=es#breadcrumb","itemListElement":[{"@type":"ListItem","position":1,"name":"Portada","item":"https:\/\/marvimo.com\/"},{"@type":"ListItem","position":2,"name":"Aviso legal"}]},{"@type":"WebSite","@id":"https:\/\/marvimo.com\/#website","url":"https:\/\/marvimo.com\/","name":"Marvimo Hospitality","description":"Consultoria y Advisory de Operaciones para Restauraci\u00f3n","potentialAction":[{"@type":"SearchAction","target":{"@type":"EntryPoint","urlTemplate":"https:\/\/marvimo.com\/?s={search_term_string}"},"query-input":{"@type":"PropertyValueSpecification","valueRequired":true,"valueName":"search_term_string"}}],"inLanguage":"es"}]}},"_links":{"self":[{"href":"https:\/\/marvimo.com\/index.php?rest_route=\/wp\/v2\/pages\/1516","targetHints":{"allow":["GET"]}}],"collection":[{"href":"https:\/\/marvimo.com\/index.php?rest_route=\/wp\/v2\/pages"}],"about":[{"href":"https:\/\/marvimo.com\/index.php?rest_route=\/wp\/v2\/types\/page"}],"author":[{"embeddable":true,"href":"https:\/\/marvimo.com\/index.php?rest_route=\/wp\/v2\/users\/2"}],"replies":[{"embeddable":true,"href":"https:\/\/marvimo.com\/index.php?rest_route=%2Fwp%2Fv2%2Fcomments&post=1516"}],"version-history":[{"count":4,"href":"https:\/\/marvimo.com\/index.php?rest_route=\/wp\/v2\/pages\/1516\/revisions"}],"predecessor-version":[{"id":1520,"href":"https:\/\/marvimo.com\/index.php?rest_route=\/wp\/v2\/pages\/1516\/revisions\/1520"}],"wp:attachment":[{"href":"https:\/\/marvimo.com\/index.php?rest_route=%2Fwp%2Fv2%2Fmedia&parent=1516"}],"curies":[{"name":"wp","href":"https:\/\/api.w.org\/{rel}","templated":true}]}}