{"id":1521,"date":"2026-02-26T00:35:32","date_gmt":"2026-02-25T23:35:32","guid":{"rendered":"https:\/\/marvimo.com\/?page_id=1521"},"modified":"2026-02-26T00:35:59","modified_gmt":"2026-02-25T23:35:59","slug":"condiciones-estandar-de-los-servicios","status":"publish","type":"page","link":"https:\/\/marvimo.com\/?page_id=1521&lang=es","title":{"rendered":"Condiciones est\u00e1ndar de los servicios"},"content":{"rendered":"<style>.elementor-1521 .elementor-element.elementor-element-ca90e3c{--display:flex;--padding-top:0em;--padding-bottom:5em;--padding-left:0em;--padding-right:0em;}@media(max-width:1024px){.elementor-1521 .elementor-element.elementor-element-ca90e3c{--padding-top:0em;--padding-bottom:4em;--padding-left:4em;--padding-right:4em;}}@media(max-width:767px){.elementor-1521 .elementor-element.elementor-element-ca90e3c{--margin-top:-8em;--margin-bottom:1em;--margin-left:0em;--margin-right:0em;--padding-top:0em;--padding-bottom:1em;--padding-left:1em;--padding-right:1em;}}<\/style>\t\t<div data-elementor-type=\"wp-page\" data-elementor-id=\"1521\" class=\"elementor elementor-1521\" data-elementor-post-type=\"page\">\n\t\t\t\t<div class=\"elementor-element elementor-element-ca90e3c e-flex e-con-boxed e-con e-parent\" data-id=\"ca90e3c\" data-element_type=\"container\" data-e-type=\"container\">\n\t\t\t\t\t<div class=\"e-con-inner\">\n\t\t\t\t<div class=\"elementor-element elementor-element-3695df8 elementor-widget elementor-widget-text-editor\" data-id=\"3695df8\" data-element_type=\"widget\" data-e-type=\"widget\" data-widget_type=\"text-editor.default\">\n\t\t\t\t\t\t\t\t\t<h1><span style=\"color: #333333;\"><b>Condiciones est\u00e1ndar de los servicios<\/b><\/span><\/h1><p><span style=\"font-weight: 400; color: #333333;\">Las presentes condiciones se aplican a los servicios profesionales prestados por Marvimo, salvo que se acuerde lo contrario por escrito.<\/span><\/p><p><span style=\"color: #333333;\"><b>Naturaleza del servicio<\/b><\/span><\/p><p><span style=\"font-weight: 400; color: #333333;\">Marvimo presta servicios de consultor\u00eda operativa, direcci\u00f3n de operaciones externa y acompa\u00f1amiento directivo. Los servicios se basan en criterio profesional, experiencia y dedicaci\u00f3n, pero no garantizan resultados econ\u00f3micos concretos.<\/span><\/p><p><span style=\"color: #333333;\"><b>Obligaciones de Marvimo<\/b><\/span><\/p><ul><li style=\"font-weight: 400;\" aria-level=\"1\"><span style=\"font-weight: 400; color: #333333;\">Prestar los servicios con diligencia profesional<\/span><\/li><li style=\"font-weight: 400;\" aria-level=\"1\"><span style=\"font-weight: 400; color: #333333;\">Actuar con criterio operativo y confidencialidad<\/span><\/li><li style=\"font-weight: 400;\" aria-level=\"1\"><span style=\"font-weight: 400; color: #333333;\">Informar de forma clara sobre la evoluci\u00f3n del proyecto<\/span><\/li><\/ul><p><span style=\"color: #333333;\"><b>Obligaciones del cliente<\/b><\/span><\/p><ul><li style=\"font-weight: 400;\" aria-level=\"1\"><span style=\"font-weight: 400; color: #333333;\">Facilitar informaci\u00f3n veraz y relevante<\/span><\/li><li style=\"font-weight: 400;\" aria-level=\"1\"><span style=\"font-weight: 400; color: #333333;\">Permitir el acceso a datos y equipos necesarios<\/span><\/li><li style=\"font-weight: 400;\" aria-level=\"1\"><span style=\"font-weight: 400; color: #333333;\">Cumplir con los acuerdos econ\u00f3micos establecidos<\/span><\/li><\/ul><p><span style=\"color: #333333;\"><b>Confidencialidad<\/b><\/span><\/p><p><span style=\"font-weight: 400; color: #333333;\">Toda la informaci\u00f3n compartida durante la relaci\u00f3n profesional tendr\u00e1 car\u00e1cter confidencial.<\/span><\/p><p><span style=\"color: #333333;\"><b>Limitaci\u00f3n de responsabilidad<\/b><\/span><\/p><p><span style=\"font-weight: 400; color: #333333;\">Marvimo no ser\u00e1 responsable de decisiones adoptadas por el cliente que no se ajusten a las recomendaciones o criterios acordados.<\/span><\/p><p><span style=\"color: #333333;\"><b>Ley aplicable y jurisdicci\u00f3n<\/b><\/span><\/p><p><span style=\"font-weight: 400; color: #333333;\">Las presentes condiciones se rigen por la legislaci\u00f3n espa\u00f1ola. Cualquier controversia se someter\u00e1 a los juzgados y tribunales de Barcelona.<\/span><\/p>\t\t\t\t\t\t\t\t<\/div>\n\t\t\t\t\t<\/div>\n\t\t\t\t<\/div>\n\t\t\t\t<\/div>\n\t\t","protected":false},"excerpt":{"rendered":"<p>Condiciones est\u00e1ndar de los servicios Las presentes condiciones se aplican a los servicios profesionales prestados por Marvimo, salvo que se acuerde lo contrario por escrito. Naturaleza del servicio Marvimo presta servicios de consultor\u00eda operativa, direcci\u00f3n de operaciones externa y acompa\u00f1amiento directivo. Los servicios se basan en criterio profesional, experiencia y dedicaci\u00f3n, pero no garantizan resultados [&hellip;]<\/p>\n","protected":false},"author":2,"featured_media":0,"parent":0,"menu_order":0,"comment_status":"closed","ping_status":"closed","template":"","meta":{"footnotes":""},"class_list":["post-1521","page","type-page","status-publish","hentry"],"yoast_head":"<!-- This site is optimized with the Yoast SEO plugin v27.0 - https:\/\/yoast.com\/product\/yoast-seo-wordpress\/ -->\n<title>Condiciones est\u00e1ndar de los servicios - Marvimo Hospitality<\/title>\n<meta name=\"robots\" content=\"index, follow, max-snippet:-1, max-image-preview:large, max-video-preview:-1\" \/>\n<link rel=\"canonical\" href=\"https:\/\/marvimo.com\/?page_id=1521&lang=es\" \/>\n<meta property=\"og:locale\" content=\"es_ES\" \/>\n<meta property=\"og:type\" content=\"article\" \/>\n<meta property=\"og:title\" content=\"Condiciones est\u00e1ndar de los servicios - Marvimo Hospitality\" \/>\n<meta property=\"og:description\" content=\"Condiciones est\u00e1ndar de los servicios Las presentes condiciones se aplican a los servicios profesionales prestados por Marvimo, salvo que se acuerde lo contrario por escrito. Naturaleza del servicio Marvimo presta servicios de consultor\u00eda operativa, direcci\u00f3n de operaciones externa y acompa\u00f1amiento directivo. Los servicios se basan en criterio profesional, experiencia y dedicaci\u00f3n, pero no garantizan resultados [&hellip;]\" \/>\n<meta property=\"og:url\" content=\"https:\/\/marvimo.com\/?page_id=1521&amp;lang=es\" \/>\n<meta property=\"og:site_name\" content=\"Marvimo Hospitality\" \/>\n<meta property=\"article:modified_time\" content=\"2026-02-25T23:35:59+00:00\" \/>\n<meta name=\"twitter:card\" content=\"summary_large_image\" \/>\n<meta name=\"twitter:label1\" content=\"Tiempo de lectura\" \/>\n\t<meta name=\"twitter:data1\" content=\"1 minuto\" \/>\n<script type=\"application\/ld+json\" class=\"yoast-schema-graph\">{\"@context\":\"https:\/\/schema.org\",\"@graph\":[{\"@type\":\"WebPage\",\"@id\":\"https:\/\/marvimo.com\/?page_id=1521&lang=es\",\"url\":\"https:\/\/marvimo.com\/?page_id=1521&lang=es\",\"name\":\"Condiciones est\u00e1ndar de los servicios - Marvimo Hospitality\",\"isPartOf\":{\"@id\":\"https:\/\/marvimo.com\/#website\"},\"datePublished\":\"2026-02-25T23:35:32+00:00\",\"dateModified\":\"2026-02-25T23:35:59+00:00\",\"breadcrumb\":{\"@id\":\"https:\/\/marvimo.com\/?page_id=1521&lang=es#breadcrumb\"},\"inLanguage\":\"es\",\"potentialAction\":[{\"@type\":\"ReadAction\",\"target\":[\"https:\/\/marvimo.com\/?page_id=1521&lang=es\"]}]},{\"@type\":\"BreadcrumbList\",\"@id\":\"https:\/\/marvimo.com\/?page_id=1521&lang=es#breadcrumb\",\"itemListElement\":[{\"@type\":\"ListItem\",\"position\":1,\"name\":\"Portada\",\"item\":\"https:\/\/marvimo.com\/\"},{\"@type\":\"ListItem\",\"position\":2,\"name\":\"Condiciones est\u00e1ndar de los servicios\"}]},{\"@type\":\"WebSite\",\"@id\":\"https:\/\/marvimo.com\/#website\",\"url\":\"https:\/\/marvimo.com\/\",\"name\":\"Marvimo Hospitality\",\"description\":\"Consultoria y Advisory de Operaciones para Restauraci\u00f3n\",\"potentialAction\":[{\"@type\":\"SearchAction\",\"target\":{\"@type\":\"EntryPoint\",\"urlTemplate\":\"https:\/\/marvimo.com\/?s={search_term_string}\"},\"query-input\":{\"@type\":\"PropertyValueSpecification\",\"valueRequired\":true,\"valueName\":\"search_term_string\"}}],\"inLanguage\":\"es\"}]}<\/script>\n<!-- \/ Yoast SEO plugin. -->","yoast_head_json":{"title":"Condiciones est\u00e1ndar de los servicios - Marvimo Hospitality","robots":{"index":"index","follow":"follow","max-snippet":"max-snippet:-1","max-image-preview":"max-image-preview:large","max-video-preview":"max-video-preview:-1"},"canonical":"https:\/\/marvimo.com\/?page_id=1521&lang=es","og_locale":"es_ES","og_type":"article","og_title":"Condiciones est\u00e1ndar de los servicios - Marvimo Hospitality","og_description":"Condiciones est\u00e1ndar de los servicios Las presentes condiciones se aplican a los servicios profesionales prestados por Marvimo, salvo que se acuerde lo contrario por escrito. Naturaleza del servicio Marvimo presta servicios de consultor\u00eda operativa, direcci\u00f3n de operaciones externa y acompa\u00f1amiento directivo. Los servicios se basan en criterio profesional, experiencia y dedicaci\u00f3n, pero no garantizan resultados [&hellip;]","og_url":"https:\/\/marvimo.com\/?page_id=1521&lang=es","og_site_name":"Marvimo Hospitality","article_modified_time":"2026-02-25T23:35:59+00:00","twitter_card":"summary_large_image","twitter_misc":{"Tiempo de lectura":"1 minuto"},"schema":{"@context":"https:\/\/schema.org","@graph":[{"@type":"WebPage","@id":"https:\/\/marvimo.com\/?page_id=1521&lang=es","url":"https:\/\/marvimo.com\/?page_id=1521&lang=es","name":"Condiciones est\u00e1ndar de los servicios - Marvimo Hospitality","isPartOf":{"@id":"https:\/\/marvimo.com\/#website"},"datePublished":"2026-02-25T23:35:32+00:00","dateModified":"2026-02-25T23:35:59+00:00","breadcrumb":{"@id":"https:\/\/marvimo.com\/?page_id=1521&lang=es#breadcrumb"},"inLanguage":"es","potentialAction":[{"@type":"ReadAction","target":["https:\/\/marvimo.com\/?page_id=1521&lang=es"]}]},{"@type":"BreadcrumbList","@id":"https:\/\/marvimo.com\/?page_id=1521&lang=es#breadcrumb","itemListElement":[{"@type":"ListItem","position":1,"name":"Portada","item":"https:\/\/marvimo.com\/"},{"@type":"ListItem","position":2,"name":"Condiciones est\u00e1ndar de los servicios"}]},{"@type":"WebSite","@id":"https:\/\/marvimo.com\/#website","url":"https:\/\/marvimo.com\/","name":"Marvimo Hospitality","description":"Consultoria y Advisory de Operaciones para Restauraci\u00f3n","potentialAction":[{"@type":"SearchAction","target":{"@type":"EntryPoint","urlTemplate":"https:\/\/marvimo.com\/?s={search_term_string}"},"query-input":{"@type":"PropertyValueSpecification","valueRequired":true,"valueName":"search_term_string"}}],"inLanguage":"es"}]}},"_links":{"self":[{"href":"https:\/\/marvimo.com\/index.php?rest_route=\/wp\/v2\/pages\/1521","targetHints":{"allow":["GET"]}}],"collection":[{"href":"https:\/\/marvimo.com\/index.php?rest_route=\/wp\/v2\/pages"}],"about":[{"href":"https:\/\/marvimo.com\/index.php?rest_route=\/wp\/v2\/types\/page"}],"author":[{"embeddable":true,"href":"https:\/\/marvimo.com\/index.php?rest_route=\/wp\/v2\/users\/2"}],"replies":[{"embeddable":true,"href":"https:\/\/marvimo.com\/index.php?rest_route=%2Fwp%2Fv2%2Fcomments&post=1521"}],"version-history":[{"count":4,"href":"https:\/\/marvimo.com\/index.php?rest_route=\/wp\/v2\/pages\/1521\/revisions"}],"predecessor-version":[{"id":1525,"href":"https:\/\/marvimo.com\/index.php?rest_route=\/wp\/v2\/pages\/1521\/revisions\/1525"}],"wp:attachment":[{"href":"https:\/\/marvimo.com\/index.php?rest_route=%2Fwp%2Fv2%2Fmedia&parent=1521"}],"curies":[{"name":"wp","href":"https:\/\/api.w.org\/{rel}","templated":true}]}}