{"id":1536,"date":"2026-02-26T00:43:45","date_gmt":"2026-02-25T23:43:45","guid":{"rendered":"https:\/\/marvimo.com\/?page_id=1536"},"modified":"2026-02-26T00:44:09","modified_gmt":"2026-02-25T23:44:09","slug":"politica-de-cookies-2","status":"publish","type":"page","link":"https:\/\/marvimo.com\/?page_id=1536&lang=es","title":{"rendered":"Pol\u00edtica de cookies"},"content":{"rendered":"<style>.elementor-1536 .elementor-element.elementor-element-23e12d9{--display:flex;--padding-top:0em;--padding-bottom:5em;--padding-left:0em;--padding-right:0em;}@media(max-width:1024px){.elementor-1536 .elementor-element.elementor-element-23e12d9{--padding-top:0em;--padding-bottom:4em;--padding-left:4em;--padding-right:4em;}}@media(max-width:767px){.elementor-1536 .elementor-element.elementor-element-23e12d9{--margin-top:-5em;--margin-bottom:1em;--margin-left:0em;--margin-right:0em;--padding-top:0em;--padding-bottom:1em;--padding-left:1em;--padding-right:1em;}}<\/style>\t\t<div data-elementor-type=\"wp-page\" data-elementor-id=\"1536\" class=\"elementor elementor-1536\" data-elementor-post-type=\"page\">\n\t\t\t\t<div class=\"elementor-element elementor-element-23e12d9 e-flex e-con-boxed e-con e-parent\" data-id=\"23e12d9\" data-element_type=\"container\" data-e-type=\"container\">\n\t\t\t\t\t<div class=\"e-con-inner\">\n\t\t\t\t<div class=\"elementor-element elementor-element-0e47fb3 elementor-widget elementor-widget-text-editor\" data-id=\"0e47fb3\" data-element_type=\"widget\" data-e-type=\"widget\" data-widget_type=\"text-editor.default\">\n\t\t\t\t\t\t\t\t\t<h1><span style=\"color: #333333;\"><b>Pol\u00edtica de cookies<\/b><\/span><\/h1><p><span style=\"font-weight: 400; color: #333333;\">Este sitio web utiliza cookies propias y de terceros con finalidades t\u00e9cnicas y anal\u00edticas.<\/span><\/p><p><span style=\"color: #333333;\"><b>\u00bfQu\u00e9 son las cookies?<\/b><\/span><\/p><p><span style=\"font-weight: 400; color: #333333;\">Las cookies son peque\u00f1os archivos de texto que se almacenan en el dispositivo del usuario cuando navega por un sitio web.<\/span><\/p><p><span style=\"color: #333333;\"><b>Tipos de cookies utilizadas<\/b><\/span><\/p><ul><li style=\"font-weight: 400;\" aria-level=\"1\"><span style=\"color: #333333;\"><b>Cookies t\u00e9cnicas:<\/b><span style=\"font-weight: 400;\"> necesarias para el correcto funcionamiento del sitio web.<\/span><\/span><\/li><li style=\"font-weight: 400;\" aria-level=\"1\"><span style=\"color: #333333;\"><b>Cookies anal\u00edticas:<\/b><span style=\"font-weight: 400;\"> permiten analizar el uso del sitio web con fines estad\u00edsticos (por ejemplo, Google Analytics).<\/span><\/span><\/li><\/ul><p><span style=\"color: #333333;\"><b>Gesti\u00f3n de cookies<\/b><\/span><\/p><p><span style=\"font-weight: 400; color: #333333;\">El usuario puede configurar o rechazar el uso de cookies mediante el panel de configuraci\u00f3n o a trav\u00e9s de la configuraci\u00f3n de su navegador.<\/span><\/p><p><span style=\"color: #333333;\"><b>Aceptaci\u00f3n de cookies<\/b><\/span><\/p><p><span style=\"font-weight: 400; color: #333333;\">Al continuar navegando por el sitio web, el usuario acepta el uso de cookies en los t\u00e9rminos establecidos en esta pol\u00edtica.<\/span><\/p>\t\t\t\t\t\t\t\t<\/div>\n\t\t\t\t\t<\/div>\n\t\t\t\t<\/div>\n\t\t\t\t<\/div>\n\t\t","protected":false},"excerpt":{"rendered":"<p>Pol\u00edtica de cookies Este sitio web utiliza cookies propias y de terceros con finalidades t\u00e9cnicas y anal\u00edticas. \u00bfQu\u00e9 son las cookies? Las cookies son peque\u00f1os archivos de texto que se almacenan en el dispositivo del usuario cuando navega por un sitio web. Tipos de cookies utilizadas Cookies t\u00e9cnicas: necesarias para el correcto funcionamiento del sitio [&hellip;]<\/p>\n","protected":false},"author":2,"featured_media":0,"parent":0,"menu_order":0,"comment_status":"closed","ping_status":"closed","template":"","meta":{"footnotes":""},"class_list":["post-1536","page","type-page","status-publish","hentry"],"yoast_head":"<!-- This site is optimized with the Yoast SEO plugin v27.0 - https:\/\/yoast.com\/product\/yoast-seo-wordpress\/ -->\n<title>Pol\u00edtica de cookies - Marvimo Hospitality<\/title>\n<meta name=\"robots\" content=\"index, follow, max-snippet:-1, max-image-preview:large, max-video-preview:-1\" \/>\n<link rel=\"canonical\" href=\"https:\/\/marvimo.com\/?page_id=1536&lang=es\" \/>\n<meta property=\"og:locale\" content=\"es_ES\" \/>\n<meta property=\"og:type\" content=\"article\" \/>\n<meta property=\"og:title\" content=\"Pol\u00edtica de cookies - Marvimo Hospitality\" \/>\n<meta property=\"og:description\" content=\"Pol\u00edtica de cookies Este sitio web utiliza cookies propias y de terceros con finalidades t\u00e9cnicas y anal\u00edticas. \u00bfQu\u00e9 son las cookies? Las cookies son peque\u00f1os archivos de texto que se almacenan en el dispositivo del usuario cuando navega por un sitio web. Tipos de cookies utilizadas Cookies t\u00e9cnicas: necesarias para el correcto funcionamiento del sitio [&hellip;]\" \/>\n<meta property=\"og:url\" content=\"https:\/\/marvimo.com\/?page_id=1536&amp;lang=es\" \/>\n<meta property=\"og:site_name\" content=\"Marvimo Hospitality\" \/>\n<meta property=\"article:modified_time\" content=\"2026-02-25T23:44:09+00:00\" \/>\n<meta name=\"twitter:card\" content=\"summary_large_image\" \/>\n<meta name=\"twitter:label1\" content=\"Tiempo de lectura\" \/>\n\t<meta name=\"twitter:data1\" content=\"1 minuto\" \/>\n<script type=\"application\/ld+json\" class=\"yoast-schema-graph\">{\"@context\":\"https:\/\/schema.org\",\"@graph\":[{\"@type\":\"WebPage\",\"@id\":\"https:\/\/marvimo.com\/?page_id=1536&lang=es\",\"url\":\"https:\/\/marvimo.com\/?page_id=1536&lang=es\",\"name\":\"Pol\u00edtica de cookies - Marvimo Hospitality\",\"isPartOf\":{\"@id\":\"https:\/\/marvimo.com\/#website\"},\"datePublished\":\"2026-02-25T23:43:45+00:00\",\"dateModified\":\"2026-02-25T23:44:09+00:00\",\"breadcrumb\":{\"@id\":\"https:\/\/marvimo.com\/?page_id=1536&lang=es#breadcrumb\"},\"inLanguage\":\"es\",\"potentialAction\":[{\"@type\":\"ReadAction\",\"target\":[\"https:\/\/marvimo.com\/?page_id=1536&lang=es\"]}]},{\"@type\":\"BreadcrumbList\",\"@id\":\"https:\/\/marvimo.com\/?page_id=1536&lang=es#breadcrumb\",\"itemListElement\":[{\"@type\":\"ListItem\",\"position\":1,\"name\":\"Portada\",\"item\":\"https:\/\/marvimo.com\/\"},{\"@type\":\"ListItem\",\"position\":2,\"name\":\"Pol\u00edtica de cookies\"}]},{\"@type\":\"WebSite\",\"@id\":\"https:\/\/marvimo.com\/#website\",\"url\":\"https:\/\/marvimo.com\/\",\"name\":\"Marvimo Hospitality\",\"description\":\"Consultoria y Advisory de Operaciones para Restauraci\u00f3n\",\"potentialAction\":[{\"@type\":\"SearchAction\",\"target\":{\"@type\":\"EntryPoint\",\"urlTemplate\":\"https:\/\/marvimo.com\/?s={search_term_string}\"},\"query-input\":{\"@type\":\"PropertyValueSpecification\",\"valueRequired\":true,\"valueName\":\"search_term_string\"}}],\"inLanguage\":\"es\"}]}<\/script>\n<!-- \/ Yoast SEO plugin. -->","yoast_head_json":{"title":"Pol\u00edtica de cookies - Marvimo Hospitality","robots":{"index":"index","follow":"follow","max-snippet":"max-snippet:-1","max-image-preview":"max-image-preview:large","max-video-preview":"max-video-preview:-1"},"canonical":"https:\/\/marvimo.com\/?page_id=1536&lang=es","og_locale":"es_ES","og_type":"article","og_title":"Pol\u00edtica de cookies - Marvimo Hospitality","og_description":"Pol\u00edtica de cookies Este sitio web utiliza cookies propias y de terceros con finalidades t\u00e9cnicas y anal\u00edticas. \u00bfQu\u00e9 son las cookies? Las cookies son peque\u00f1os archivos de texto que se almacenan en el dispositivo del usuario cuando navega por un sitio web. Tipos de cookies utilizadas Cookies t\u00e9cnicas: necesarias para el correcto funcionamiento del sitio [&hellip;]","og_url":"https:\/\/marvimo.com\/?page_id=1536&lang=es","og_site_name":"Marvimo Hospitality","article_modified_time":"2026-02-25T23:44:09+00:00","twitter_card":"summary_large_image","twitter_misc":{"Tiempo de lectura":"1 minuto"},"schema":{"@context":"https:\/\/schema.org","@graph":[{"@type":"WebPage","@id":"https:\/\/marvimo.com\/?page_id=1536&lang=es","url":"https:\/\/marvimo.com\/?page_id=1536&lang=es","name":"Pol\u00edtica de cookies - Marvimo Hospitality","isPartOf":{"@id":"https:\/\/marvimo.com\/#website"},"datePublished":"2026-02-25T23:43:45+00:00","dateModified":"2026-02-25T23:44:09+00:00","breadcrumb":{"@id":"https:\/\/marvimo.com\/?page_id=1536&lang=es#breadcrumb"},"inLanguage":"es","potentialAction":[{"@type":"ReadAction","target":["https:\/\/marvimo.com\/?page_id=1536&lang=es"]}]},{"@type":"BreadcrumbList","@id":"https:\/\/marvimo.com\/?page_id=1536&lang=es#breadcrumb","itemListElement":[{"@type":"ListItem","position":1,"name":"Portada","item":"https:\/\/marvimo.com\/"},{"@type":"ListItem","position":2,"name":"Pol\u00edtica de cookies"}]},{"@type":"WebSite","@id":"https:\/\/marvimo.com\/#website","url":"https:\/\/marvimo.com\/","name":"Marvimo Hospitality","description":"Consultoria y Advisory de Operaciones para Restauraci\u00f3n","potentialAction":[{"@type":"SearchAction","target":{"@type":"EntryPoint","urlTemplate":"https:\/\/marvimo.com\/?s={search_term_string}"},"query-input":{"@type":"PropertyValueSpecification","valueRequired":true,"valueName":"search_term_string"}}],"inLanguage":"es"}]}},"_links":{"self":[{"href":"https:\/\/marvimo.com\/index.php?rest_route=\/wp\/v2\/pages\/1536","targetHints":{"allow":["GET"]}}],"collection":[{"href":"https:\/\/marvimo.com\/index.php?rest_route=\/wp\/v2\/pages"}],"about":[{"href":"https:\/\/marvimo.com\/index.php?rest_route=\/wp\/v2\/types\/page"}],"author":[{"embeddable":true,"href":"https:\/\/marvimo.com\/index.php?rest_route=\/wp\/v2\/users\/2"}],"replies":[{"embeddable":true,"href":"https:\/\/marvimo.com\/index.php?rest_route=%2Fwp%2Fv2%2Fcomments&post=1536"}],"version-history":[{"count":4,"href":"https:\/\/marvimo.com\/index.php?rest_route=\/wp\/v2\/pages\/1536\/revisions"}],"predecessor-version":[{"id":1540,"href":"https:\/\/marvimo.com\/index.php?rest_route=\/wp\/v2\/pages\/1536\/revisions\/1540"}],"wp:attachment":[{"href":"https:\/\/marvimo.com\/index.php?rest_route=%2Fwp%2Fv2%2Fmedia&parent=1536"}],"curies":[{"name":"wp","href":"https:\/\/api.w.org\/{rel}","templated":true}]}}