{"id":1541,"date":"2026-02-26T00:44:45","date_gmt":"2026-02-25T23:44:45","guid":{"rendered":"https:\/\/marvimo.com\/?page_id=1541"},"modified":"2026-02-26T00:45:25","modified_gmt":"2026-02-25T23:45:25","slug":"politica-de-privacidad","status":"publish","type":"page","link":"https:\/\/marvimo.com\/?page_id=1541&lang=es","title":{"rendered":"Pol\u00edtica de privacidad"},"content":{"rendered":"<style>.elementor-1541 .elementor-element.elementor-element-55620f6{--display:flex;--padding-top:0em;--padding-bottom:5em;--padding-left:0em;--padding-right:0em;}@media(max-width:1024px){.elementor-1541 .elementor-element.elementor-element-55620f6{--padding-top:0em;--padding-bottom:4em;--padding-left:4em;--padding-right:4em;}}@media(max-width:767px){.elementor-1541 .elementor-element.elementor-element-55620f6{--margin-top:-5em;--margin-bottom:1em;--margin-left:0em;--margin-right:0em;--padding-top:0em;--padding-bottom:1em;--padding-left:1em;--padding-right:1em;}}<\/style>\t\t<div data-elementor-type=\"wp-page\" data-elementor-id=\"1541\" class=\"elementor elementor-1541\" data-elementor-post-type=\"page\">\n\t\t\t\t<div class=\"elementor-element elementor-element-55620f6 e-flex e-con-boxed e-con e-parent\" data-id=\"55620f6\" data-element_type=\"container\" data-e-type=\"container\">\n\t\t\t\t\t<div class=\"e-con-inner\">\n\t\t\t\t<div class=\"elementor-element elementor-element-869e0c1 elementor-widget elementor-widget-text-editor\" data-id=\"869e0c1\" data-element_type=\"widget\" data-e-type=\"widget\" data-widget_type=\"text-editor.default\">\n\t\t\t\t\t\t\t\t\t<h1><span style=\"color: #333333;\"><b>Pol\u00edtica de privacidad<\/b><\/span><\/h1><p><span style=\"color: #333333;\"><b>Responsable del tratamiento<\/b><\/span><\/p><ul><li style=\"font-weight: 400;\" aria-level=\"1\"><span style=\"color: #333333;\"><b>Responsable:<\/b><span style=\"font-weight: 400;\"> Marvimo Hospitality, S.L.<\/span><\/span><\/li><li style=\"font-weight: 400;\" aria-level=\"1\"><span style=\"color: #333333;\"><b>Correo electr\u00f3nico:<\/b><a href=\"mailto:hola@marvimo.com\"><span style=\"font-weight: 400;\"> hola@marvimo.com<\/span><\/a><\/span><\/li><\/ul><p><span style=\"color: #333333;\"><b>Datos que se recogen<\/b><\/span><\/p><p><span style=\"font-weight: 400; color: #333333;\">Marvimo puede recoger datos personales a trav\u00e9s de:<\/span><\/p><ul><li style=\"font-weight: 400;\" aria-level=\"1\"><span style=\"font-weight: 400; color: #333333;\">Formularios de contacto<\/span><\/li><li style=\"font-weight: 400;\" aria-level=\"1\"><span style=\"font-weight: 400; color: #333333;\">Comunicaciones por correo electr\u00f3nico<\/span><\/li><\/ul><p><span style=\"font-weight: 400; color: #333333;\">Los datos recogidos pueden incluir: nombre, correo electr\u00f3nico, tel\u00e9fono e informaci\u00f3n relacionada con la consulta realizada.<\/span><\/p><p><span style=\"color: #333333;\"><b>Finalidad del tratamiento<\/b><\/span><\/p><p><span style=\"font-weight: 400; color: #333333;\">Los datos personales se tratan con la finalidad de:<\/span><\/p><ul><li style=\"font-weight: 400;\" aria-level=\"1\"><span style=\"font-weight: 400; color: #333333;\">Atender consultas y solicitudes de informaci\u00f3n<\/span><\/li><li style=\"font-weight: 400;\" aria-level=\"1\"><span style=\"font-weight: 400; color: #333333;\">Mantener comunicaciones profesionales<\/span><\/li><li style=\"font-weight: 400;\" aria-level=\"1\"><span style=\"font-weight: 400; color: #333333;\">Gestionar relaciones comerciales o precontractuales<\/span><\/li><\/ul><p><span style=\"color: #333333;\"><b>Base legal<\/b><\/span><\/p><p><span style=\"font-weight: 400; color: #333333;\">La base legal para el tratamiento de los datos es el consentimiento del usuario y\/o la ejecuci\u00f3n de medidas precontractuales.<\/span><\/p><p><span style=\"color: #333333;\"><b>Conservaci\u00f3n de los datos<\/b><\/span><\/p><p><span style=\"font-weight: 400; color: #333333;\">Los datos se conservar\u00e1n \u00fanicamente durante el tiempo necesario para cumplir la finalidad para la que fueron recabados.<\/span><\/p><p><span style=\"color: #333333;\"><b>Derechos del usuario<\/b><\/span><\/p><p><span style=\"font-weight: 400; color: #333333;\">El usuario puede ejercer sus derechos de acceso, rectificaci\u00f3n, supresi\u00f3n, oposici\u00f3n, limitaci\u00f3n y portabilidad mediante correo electr\u00f3nico a <a href=\"mailto:hola@marvimo.com\">hola@marvimo.com<\/a>.<\/span><\/p>\t\t\t\t\t\t\t\t<\/div>\n\t\t\t\t\t<\/div>\n\t\t\t\t<\/div>\n\t\t\t\t<\/div>\n\t\t","protected":false},"excerpt":{"rendered":"<p>Pol\u00edtica de privacidad Responsable del tratamiento Responsable: Marvimo Hospitality, S.L. Correo electr\u00f3nico: hola@marvimo.com Datos que se recogen Marvimo puede recoger datos personales a trav\u00e9s de: Formularios de contacto Comunicaciones por correo electr\u00f3nico Los datos recogidos pueden incluir: nombre, correo electr\u00f3nico, tel\u00e9fono e informaci\u00f3n relacionada con la consulta realizada. Finalidad del tratamiento Los datos personales se [&hellip;]<\/p>\n","protected":false},"author":2,"featured_media":0,"parent":0,"menu_order":0,"comment_status":"closed","ping_status":"closed","template":"","meta":{"footnotes":""},"class_list":["post-1541","page","type-page","status-publish","hentry"],"yoast_head":"<!-- This site is optimized with the Yoast SEO plugin v27.0 - https:\/\/yoast.com\/product\/yoast-seo-wordpress\/ -->\n<title>Pol\u00edtica de privacidad - Marvimo Hospitality<\/title>\n<meta name=\"robots\" content=\"index, follow, max-snippet:-1, max-image-preview:large, max-video-preview:-1\" \/>\n<link rel=\"canonical\" href=\"https:\/\/marvimo.com\/?page_id=1541&lang=es\" \/>\n<meta property=\"og:locale\" content=\"es_ES\" \/>\n<meta property=\"og:type\" content=\"article\" \/>\n<meta property=\"og:title\" content=\"Pol\u00edtica de privacidad - Marvimo Hospitality\" \/>\n<meta property=\"og:description\" content=\"Pol\u00edtica de privacidad Responsable del tratamiento Responsable: Marvimo Hospitality, S.L. Correo electr\u00f3nico: hola@marvimo.com Datos que se recogen Marvimo puede recoger datos personales a trav\u00e9s de: Formularios de contacto Comunicaciones por correo electr\u00f3nico Los datos recogidos pueden incluir: nombre, correo electr\u00f3nico, tel\u00e9fono e informaci\u00f3n relacionada con la consulta realizada. Finalidad del tratamiento Los datos personales se [&hellip;]\" \/>\n<meta property=\"og:url\" content=\"https:\/\/marvimo.com\/?page_id=1541&amp;lang=es\" \/>\n<meta property=\"og:site_name\" content=\"Marvimo Hospitality\" \/>\n<meta property=\"article:modified_time\" content=\"2026-02-25T23:45:25+00:00\" \/>\n<meta name=\"twitter:card\" content=\"summary_large_image\" \/>\n<meta name=\"twitter:label1\" content=\"Tiempo de lectura\" \/>\n\t<meta name=\"twitter:data1\" content=\"1 minuto\" \/>\n<script type=\"application\/ld+json\" class=\"yoast-schema-graph\">{\"@context\":\"https:\/\/schema.org\",\"@graph\":[{\"@type\":\"WebPage\",\"@id\":\"https:\/\/marvimo.com\/?page_id=1541&lang=es\",\"url\":\"https:\/\/marvimo.com\/?page_id=1541&lang=es\",\"name\":\"Pol\u00edtica de privacidad - Marvimo Hospitality\",\"isPartOf\":{\"@id\":\"https:\/\/marvimo.com\/#website\"},\"datePublished\":\"2026-02-25T23:44:45+00:00\",\"dateModified\":\"2026-02-25T23:45:25+00:00\",\"breadcrumb\":{\"@id\":\"https:\/\/marvimo.com\/?page_id=1541&lang=es#breadcrumb\"},\"inLanguage\":\"es\",\"potentialAction\":[{\"@type\":\"ReadAction\",\"target\":[\"https:\/\/marvimo.com\/?page_id=1541&lang=es\"]}]},{\"@type\":\"BreadcrumbList\",\"@id\":\"https:\/\/marvimo.com\/?page_id=1541&lang=es#breadcrumb\",\"itemListElement\":[{\"@type\":\"ListItem\",\"position\":1,\"name\":\"Portada\",\"item\":\"https:\/\/marvimo.com\/\"},{\"@type\":\"ListItem\",\"position\":2,\"name\":\"Pol\u00edtica de privacidad\"}]},{\"@type\":\"WebSite\",\"@id\":\"https:\/\/marvimo.com\/#website\",\"url\":\"https:\/\/marvimo.com\/\",\"name\":\"Marvimo Hospitality\",\"description\":\"Consultoria y Advisory de Operaciones para Restauraci\u00f3n\",\"potentialAction\":[{\"@type\":\"SearchAction\",\"target\":{\"@type\":\"EntryPoint\",\"urlTemplate\":\"https:\/\/marvimo.com\/?s={search_term_string}\"},\"query-input\":{\"@type\":\"PropertyValueSpecification\",\"valueRequired\":true,\"valueName\":\"search_term_string\"}}],\"inLanguage\":\"es\"}]}<\/script>\n<!-- \/ Yoast SEO plugin. -->","yoast_head_json":{"title":"Pol\u00edtica de privacidad - Marvimo Hospitality","robots":{"index":"index","follow":"follow","max-snippet":"max-snippet:-1","max-image-preview":"max-image-preview:large","max-video-preview":"max-video-preview:-1"},"canonical":"https:\/\/marvimo.com\/?page_id=1541&lang=es","og_locale":"es_ES","og_type":"article","og_title":"Pol\u00edtica de privacidad - Marvimo Hospitality","og_description":"Pol\u00edtica de privacidad Responsable del tratamiento Responsable: Marvimo Hospitality, S.L. Correo electr\u00f3nico: hola@marvimo.com Datos que se recogen Marvimo puede recoger datos personales a trav\u00e9s de: Formularios de contacto Comunicaciones por correo electr\u00f3nico Los datos recogidos pueden incluir: nombre, correo electr\u00f3nico, tel\u00e9fono e informaci\u00f3n relacionada con la consulta realizada. Finalidad del tratamiento Los datos personales se [&hellip;]","og_url":"https:\/\/marvimo.com\/?page_id=1541&lang=es","og_site_name":"Marvimo Hospitality","article_modified_time":"2026-02-25T23:45:25+00:00","twitter_card":"summary_large_image","twitter_misc":{"Tiempo de lectura":"1 minuto"},"schema":{"@context":"https:\/\/schema.org","@graph":[{"@type":"WebPage","@id":"https:\/\/marvimo.com\/?page_id=1541&lang=es","url":"https:\/\/marvimo.com\/?page_id=1541&lang=es","name":"Pol\u00edtica de privacidad - Marvimo Hospitality","isPartOf":{"@id":"https:\/\/marvimo.com\/#website"},"datePublished":"2026-02-25T23:44:45+00:00","dateModified":"2026-02-25T23:45:25+00:00","breadcrumb":{"@id":"https:\/\/marvimo.com\/?page_id=1541&lang=es#breadcrumb"},"inLanguage":"es","potentialAction":[{"@type":"ReadAction","target":["https:\/\/marvimo.com\/?page_id=1541&lang=es"]}]},{"@type":"BreadcrumbList","@id":"https:\/\/marvimo.com\/?page_id=1541&lang=es#breadcrumb","itemListElement":[{"@type":"ListItem","position":1,"name":"Portada","item":"https:\/\/marvimo.com\/"},{"@type":"ListItem","position":2,"name":"Pol\u00edtica de privacidad"}]},{"@type":"WebSite","@id":"https:\/\/marvimo.com\/#website","url":"https:\/\/marvimo.com\/","name":"Marvimo Hospitality","description":"Consultoria y Advisory de Operaciones para Restauraci\u00f3n","potentialAction":[{"@type":"SearchAction","target":{"@type":"EntryPoint","urlTemplate":"https:\/\/marvimo.com\/?s={search_term_string}"},"query-input":{"@type":"PropertyValueSpecification","valueRequired":true,"valueName":"search_term_string"}}],"inLanguage":"es"}]}},"_links":{"self":[{"href":"https:\/\/marvimo.com\/index.php?rest_route=\/wp\/v2\/pages\/1541","targetHints":{"allow":["GET"]}}],"collection":[{"href":"https:\/\/marvimo.com\/index.php?rest_route=\/wp\/v2\/pages"}],"about":[{"href":"https:\/\/marvimo.com\/index.php?rest_route=\/wp\/v2\/types\/page"}],"author":[{"embeddable":true,"href":"https:\/\/marvimo.com\/index.php?rest_route=\/wp\/v2\/users\/2"}],"replies":[{"embeddable":true,"href":"https:\/\/marvimo.com\/index.php?rest_route=%2Fwp%2Fv2%2Fcomments&post=1541"}],"version-history":[{"count":4,"href":"https:\/\/marvimo.com\/index.php?rest_route=\/wp\/v2\/pages\/1541\/revisions"}],"predecessor-version":[{"id":1545,"href":"https:\/\/marvimo.com\/index.php?rest_route=\/wp\/v2\/pages\/1541\/revisions\/1545"}],"wp:attachment":[{"href":"https:\/\/marvimo.com\/index.php?rest_route=%2Fwp%2Fv2%2Fmedia&parent=1541"}],"curies":[{"name":"wp","href":"https:\/\/api.w.org\/{rel}","templated":true}]}}